{"id":51,"date":"2015-05-18T15:14:31","date_gmt":"2015-05-18T15:14:31","guid":{"rendered":"http:\/\/www.liburnijski-vrtovi.com\/?page_id=51"},"modified":"2017-05-22T11:23:04","modified_gmt":"2017-05-22T10:23:04","slug":"o-nama","status":"publish","type":"page","link":"http:\/\/www.liburnijski-vrtovi.com\/hr\/o-nama\/","title":{"rendered":"O nama"},"content":{"rendered":"<p style=\"text-align: right;\"><div id=\"sgmbShare1-1\" class=\"sgmbShare jssocials-theme-minima sgmbWidget1-1\"><\/div><div class=\"dropdownWrapper dropdownWrapper1 dropdownWrapper-for-widget \" id=\"dropdownWrapper-for-widget\">\r\n\t\t\t\t\t\t<div class=\"dropdownLabel\" id=\"dropdownLabel-share-list\"><span class=\"sgmbButtonListLabel1\">Share List<\/span><\/div>\r\n\t\t\t\t\t\t<div class=\"dropdownPanel dropdownPanel1-1\">\r\n\t\t\t\t\t\t<\/div>\r\n\t\t\t\t\t<\/div><script>  SGMB_URL = \"http:\/\/www.liburnijski-vrtovi.com\/wp-content\/plugins\/social-media-builder\/\"; jQuery(\".dropdownWrapper\").hide(); SGMB_GOOGLE_ACOUNT = \"\"; <\/script><script type=\"text\/javascript\">\r\n\t\tjQuery(document).ready(function($){var widget = new SGMBWidget();widget.show({\"id\":\"1\",\"title\":\"social\",\"options\":{\"currentUrl\":\"0\",\"url\":\"http:\\\/\\\/www.liburnijski-vrtovi.com\",\"shareText\":\"liburnijski vrtovi\",\"fontSize\":\"14\",\"betweenButtons\":\"1px\",\"theme\":\"cloud\",\"buttonsPosition\":\"\",\"socialTheme\":\"minima\",\"icon\":\"cloud\",\"buttonsPanelEffect\":\"flash\",\"buttonsEffect\":\"No Effect\",\"iconsEffect\":\"flip\",\"buttons\":\"{\\\"facebook\\\":{\\\"label\\\":\\\"Share\\\",\\\"icon\\\":\\\"cloud-facebook\\\"},\\\"linkedin\\\":{\\\"label\\\":\\\"Share\\\",\\\"icon\\\":\\\"cloud-linkedin\\\"},\\\"twitter\\\":{\\\"label\\\":\\\"Tweet\\\",\\\"icon\\\":\\\"cloud-twitter\\\",\\\"via\\\":\\\"\\\",\\\"hashtags\\\":\\\"\\\"},\\\"googleplus\\\":{\\\"label\\\":\\\"+1\\\",\\\"icon\\\":\\\"cloud-googleplus\\\"},\\\"pinterest\\\":{\\\"label\\\":\\\"Pin this\\\",\\\"icon\\\":\\\"cloud-pinterest\\\"}}\",\"roundButton\":\"\",\"showLabels\":\"on\",\"showCounts\":\"\",\"showCenter\":\"\",\"showButtonsAsList\":\"\",\"setButtonsPosition\":\"\",\"sgmbDropdownColor\":\"\",\"sgmbDropdownLabelFontSize\":\"14\",\"sgmbDropdownLabelColor\":\"\",\"showButtonsOnEveryPost\":\"\",\"showOnAllPost\":\"\",\"sgmbPostionOnEveryPost\":\"Left\",\"textOnEveryPost\":\"\",\"showButtonsOnMobileDirect\":\"\"},\"buttonOptions\":{\"facebook\":{\"label\":\"Share\",\"icon\":\"cloud-facebook\"},\"linkedin\":{\"label\":\"Share\",\"icon\":\"cloud-linkedin\"},\"twitter\":{\"label\":\"Tweet\",\"icon\":\"cloud-twitter\",\"via\":\"\",\"hashtags\":\"\"},\"googleplus\":{\"label\":\"+1\",\"icon\":\"cloud-googleplus\"},\"pinterest\":{\"label\":\"Pin this\",\"icon\":\"cloud-pinterest\"}},\"button\":[\"facebook\",\"linkedin\",\"twitter\",\"googleplus\",\"pinterest\"]}, 1, '', 'http:\/\/www.liburnijski-vrtovi.com\/wp-content\/uploads\/2016\/10\/LOGO_regular-v3.jpg', '', 'http:\/\/www.liburnijski-vrtovi.com\/hr\/o-nama\/'); });<\/script><img loading=\"lazy\" class=\" aligncenter\" src=\"http:\/\/www.liburnijski-vrtovi.com\/wp-content\/uploads\/2016\/10\/LOGO_regular-v3.jpg\" alt=\"logo\" width=\"521\" height=\"322\" \/><\/p>\n<p style=\"text-align: left;\">Liburnijski vrtovi bave se projektiranjem,\u00a0ure\u0111enjem i cjelogodi\u0161njim odr\u017eavanjem oku\u0107nica te ure\u0111enjem zelenih povr\u0161ina na podru\u010dju Primorsko-Goranske \u017eupanije.\u00a0Pou\u010deni dugogodi\u0161njim iskustvom, primarna stavka ure\u0111enja svakog vrta je izvu\u0107i maksimum iz\u00a0prostora, te istom podarit da\u0161ak umjetni\u010dkog i ekskluzivnog dojma.<\/p>\n<p style=\"text-align: left;\">Usluge koje nudimo su:<\/p>\n<p style=\"padding-left: 30px; text-align: left;\">&#8211; projektiranje, ure\u0111enje i cijelogodi\u0161nje odr\u017eavanje oku\u0107nica i zelenih povr\u0161ina<\/p>\n<p style=\"padding-left: 30px; text-align: left;\">&#8211; hortikulturno ure\u0111enje parkova, dje\u010djih igrali\u0161ta, orezivanje i ru\u0161enje stabala<\/p>\n<p style=\"padding-left: 30px; text-align: left;\">&#8211; izrada travnjaka, kamenjara, \u0161ljun\u010danih vrtova, slapova<\/p>\n<p style=\"text-align: justify; padding-left: 30px;\">&#8211; orezivanje bonsai i topiari tehnikom, vo\u0107ki, \u017eivica, grmova i polugrmova<\/p>\n<p style=\"text-align: justify; padding-left: 30px;\">&#8211; dohrana bilja<\/p>\n<p style=\"text-align: justify; padding-left: 30px;\">&#8211; preventivna za\u0161tita i tretiranje oboljelog bilja<\/p>\n<p style=\"text-align: justify; padding-left: 30px;\">&#8211; sistemi navodnjavanja<\/p>\n<p style=\"text-align: justify; padding-left: 30px;\">&#8211; drena\u017eni sistemi<\/p>\n<p style=\"text-align: justify; padding-left: 30px;\">&#8211; dovoz bilja i materijala<\/p>\n<p style=\"text-align: justify; padding-left: 30px;\">&#8211; odvoz cjelokupne zelene bio mase vlastitim prijevozom.<\/p>\n<p>&nbsp;<\/p>\n<div class=\"ngg-albumoverview\">\n<div class=\"ngg-clear\">\u00a0<span style=\"color: #ffffff;\">Galerija radova Liburnijski vrtovi Obrt za hortikulturu i ure\u0111enje, odr\u017eavanje i projektiranje zelenih povr\u0161ina va\u0161eg vrta na podru\u010dju primorsko-goranske \u017eupanije i rijeke ure\u0111enje oku\u0107nice, ru\u0161enje stabala, kr\u010denje \u0161ikare, ko\u0161enje trave, sijanje trave, \u0161i\u0161anje \u017eive ograde, va\u0111enje panjeva, ko\u0161nja trave, ure\u0111enje vrtova, odr\u017eavanje zelenih povr\u0161ina , rijeka, opatija, ika, i\u010di\u0107i, lovran, brse\u010d, kastav, rukavac, matulji, pobri, u rijeci, krk, cres, delnice, fu\u017eine Galerija radova Liburnijski vrtovi, izrada kamenjara, odvoz zelenog otpada Osnovno poslovanje obrta \u201cLiburnijski vrtovi\u201d je cijelogodi\u0161nje odr\u017eavanje oku\u0107nica, stambenih zgrada, privatnih obiteljskih ku\u0107a, luksuznih vila, te parkova hotela \u2013 po pozivu\u00a0<\/span><span style=\"color: #ffffff;\">ili ugovornim odr\u017eavanjem. Naglasak pola\u017eemo na konstantno prisustvo u vrtovima, te pra\u0107enje vegetacijskih, izvanvegetacijskih i vremenskih prilika koje iz tjedna u tjedan mijenjaju samu sliku Va\u0161ih vrtova. Na\u0161im stru\u010dnim pristupom i profesionalnom njegov vrtovi postaju zdravi i prelijepi. Bilju kao \u017eivim bi\u0107ima pristupamo predano i vrlo odgovorno po pitanju dohrane i za\u0161tite, te minimaliziramo uporabu elektri\u010dnih i benzinskih alata. Kod orezivanja primjenjujemo ru\u010dni (skriveni) rez \u0161to u kona\u010dnici rezultira zdravljem Va\u0161eg bilja. Naime, kod mehani\u010dke obrade bilja (zbog nestru\u010dne rezidbe) dolazi do brzog oboljevanja bilja \u0161to dovodi do naru\u0161avanja prirodnog izgleda i potrebe za stalnim lije\u010denjem. Dozvolite i Va\u0161em vrtu da bude zdrav i lijep. Kontaktirajte nas za pregled i procijenu tro\u0161kova odr\u017eavanja Va\u0161ih oku\u0107nica. Mnogobrojni na\u0161i vrtovi i oku\u0107nice i njihovi zadovoljni vlasnici dokaz su na\u0161e kvalitete Liburnijski vrtovi bave se projektiranjem, ure\u0111enjem i cjelogodi\u0161njim odr\u017eavanjem oku\u0107nica te ure\u0111enjem zelenih povr\u0161ina na podru\u010dju Primorsko-Goranske \u017eupanije. Pou\u010deni dugogodi\u0161njim iskustvom, primarna stavka ure\u0111enja svakog vrta je izvu\u0107i maksimum iz prostora, te istom podarit da\u0161ak umjetni\u010dkog i ekskluzivnog dojm<\/span><span style=\"color: #ffffff;\">a.<\/span><\/div>\n<\/div>\n<h6><span style=\"color: #ffffff;\">\u00a0<\/span><\/h6>\n<p><span style=\"border-radius: 2px; text-indent: 20px; width: auto; padding: 0px 4px 0px 0px; text-align: center; font: bold 11px\/20px 'Helvetica Neue',Helvetica,sans-serif; color: #ffffff; background: #bd081c  no-repeat scroll 3px 50% \/ 14px 14px; position: absolute; opacity: 1; z-index: 8675309; display: none; cursor: pointer; top: 36px; left: 167px;\">Save<\/span><\/p>\n<p style=\"text-align: center;\"><span style=\"border-radius: 2px; text-indent: 20px; width: auto; padding: 0px 4px 0px 0px; text-align: center; font: bold 11px\/20px 'Helvetica Neue',Helvetica,sans-serif; color: #ffffff; background: #bd081c  no-repeat scroll 3px 50% \/ 14px 14px; position: absolute; opacity: 1; z-index: 8675309; display: none; cursor: pointer; top: 60px; left: 167px;\">Save<\/span><\/p>\n","protected":false},"excerpt":{"rendered":"<p style=\"text-align: right;\">[sgmb id=\"1\"]<img loading=\"lazy\" class=\" aligncenter\" src=\"http:\/\/www.liburnijski-vrtovi.com\/wp-content\/uploads\/2016\/10\/LOGO_regular-v3.jpg\" alt=\"logo\" width=\"521\" height=\"322\" \/><\/p>\n<p style=\"text-align: left;\">Liburnijski vrtovi ba&#8230;<\/p>\n","protected":false},"author":1,"featured_media":0,"parent":0,"menu_order":0,"comment_status":"closed","ping_status":"open","template":"","meta":{"ngg_post_thumbnail":0},"yoast_head":"<!-- This site is optimized with the Yoast SEO plugin v15.2.1 - https:\/\/yoast.com\/wordpress\/plugins\/seo\/ -->\n<title>Ure\u0111enje oku\u0107nica Rijeka - Liburnijski vrtovi<\/title>\n<meta name=\"description\" content=\"Ure\u0111enje i odr\u017eavanje oku\u0107nica, vrtova, dvori\u0161ta u Rijeci, Opatiji i \u0161iroj okolici. Nudimo veliki asortiman usluga vezanih za ure\u0111enje va\u0161eg vrta i okoli\u0161a.\" \/>\n<meta name=\"robots\" content=\"index, follow, max-snippet:-1, max-image-preview:large, max-video-preview:-1\" \/>\n<link rel=\"canonical\" href=\"https:\/\/www.liburnijski-vrtovi.com\/o-nama\/\" \/>\n<meta property=\"og:locale\" content=\"hr_HR\" \/>\n<meta property=\"og:type\" content=\"article\" \/>\n<meta property=\"og:title\" content=\"Ure\u0111enje oku\u0107nica Rijeka - Liburnijski vrtovi\" \/>\n<meta property=\"og:description\" content=\"Ure\u0111enje i odr\u017eavanje oku\u0107nica, vrtova, dvori\u0161ta u Rijeci, Opatiji i \u0161iroj okolici. Nudimo veliki asortiman usluga vezanih za ure\u0111enje va\u0161eg vrta i okoli\u0161a.\" \/>\n<meta property=\"og:url\" content=\"https:\/\/www.liburnijski-vrtovi.com\/o-nama\/\" \/>\n<meta property=\"og:site_name\" content=\"Ure\u0111enje i odr\u017eavanje oku\u0107nica Rijeka - Liburnijski vrtovi\" \/>\n<meta property=\"article:publisher\" content=\"https:\/\/www.facebook.com\/liburnijski.vrtovi\" \/>\n<meta property=\"article:modified_time\" content=\"2017-05-22T10:23:04+00:00\" \/>\n<meta property=\"og:image\" content=\"http:\/\/www.liburnijski-vrtovi.com\/wp-content\/uploads\/2016\/10\/LOGO_regular-v3.jpg\" \/>\n<meta name=\"twitter:card\" content=\"summary_large_image\" \/>\n<meta name=\"twitter:creator\" content=\"@liburnijski\" \/>\n<meta name=\"twitter:site\" content=\"@liburnijski\" \/>\n<meta name=\"twitter:label1\" content=\"Written by\">\n\t<meta name=\"twitter:data1\" content=\"admin\">\n\t<meta name=\"twitter:label2\" content=\"Est. reading time\">\n\t<meta name=\"twitter:data2\" content=\"2 minute\">\n<script type=\"application\/ld+json\" class=\"yoast-schema-graph\">{\"@context\":\"https:\/\/schema.org\",\"@graph\":[{\"@type\":\"WebSite\",\"@id\":\"http:\/\/www.liburnijski-vrtovi.com\/hr\/#website\",\"url\":\"http:\/\/www.liburnijski-vrtovi.com\/hr\/\",\"name\":\"Ure\\u0111enje i odr\\u017eavanje oku\\u0107nica Rijeka - Liburnijski vrtovi\",\"description\":\"umjetnost ure\\u0111enja oku\\u0107nica Rijeka\",\"potentialAction\":[{\"@type\":\"SearchAction\",\"target\":\"http:\/\/www.liburnijski-vrtovi.com\/hr\/?s={search_term_string}\",\"query-input\":\"required name=search_term_string\"}],\"inLanguage\":\"hr\"},{\"@type\":\"ImageObject\",\"@id\":\"https:\/\/www.liburnijski-vrtovi.com\/o-nama\/#primaryimage\",\"inLanguage\":\"hr\",\"url\":\"http:\/\/www.liburnijski-vrtovi.com\/wp-content\/uploads\/2016\/10\/LOGO_regular-v3.jpg\",\"width\":578,\"height\":357},{\"@type\":\"WebPage\",\"@id\":\"https:\/\/www.liburnijski-vrtovi.com\/o-nama\/#webpage\",\"url\":\"https:\/\/www.liburnijski-vrtovi.com\/o-nama\/\",\"name\":\"Ure\\u0111enje oku\\u0107nica Rijeka - Liburnijski vrtovi\",\"isPartOf\":{\"@id\":\"http:\/\/www.liburnijski-vrtovi.com\/hr\/#website\"},\"primaryImageOfPage\":{\"@id\":\"https:\/\/www.liburnijski-vrtovi.com\/o-nama\/#primaryimage\"},\"datePublished\":\"2015-05-18T15:14:31+00:00\",\"dateModified\":\"2017-05-22T10:23:04+00:00\",\"description\":\"Ure\\u0111enje i odr\\u017eavanje oku\\u0107nica, vrtova, dvori\\u0161ta u Rijeci, Opatiji i \\u0161iroj okolici. Nudimo veliki asortiman usluga vezanih za ure\\u0111enje va\\u0161eg vrta i okoli\\u0161a.\",\"inLanguage\":\"hr\",\"potentialAction\":[{\"@type\":\"ReadAction\",\"target\":[\"https:\/\/www.liburnijski-vrtovi.com\/o-nama\/\"]}]}]}<\/script>\n<!-- \/ Yoast SEO plugin. -->","_links":{"self":[{"href":"http:\/\/www.liburnijski-vrtovi.com\/hr\/wp-json\/wp\/v2\/pages\/51"}],"collection":[{"href":"http:\/\/www.liburnijski-vrtovi.com\/hr\/wp-json\/wp\/v2\/pages"}],"about":[{"href":"http:\/\/www.liburnijski-vrtovi.com\/hr\/wp-json\/wp\/v2\/types\/page"}],"author":[{"embeddable":true,"href":"http:\/\/www.liburnijski-vrtovi.com\/hr\/wp-json\/wp\/v2\/users\/1"}],"replies":[{"embeddable":true,"href":"http:\/\/www.liburnijski-vrtovi.com\/hr\/wp-json\/wp\/v2\/comments?post=51"}],"version-history":[{"count":34,"href":"http:\/\/www.liburnijski-vrtovi.com\/hr\/wp-json\/wp\/v2\/pages\/51\/revisions"}],"predecessor-version":[{"id":832,"href":"http:\/\/www.liburnijski-vrtovi.com\/hr\/wp-json\/wp\/v2\/pages\/51\/revisions\/832"}],"wp:attachment":[{"href":"http:\/\/www.liburnijski-vrtovi.com\/hr\/wp-json\/wp\/v2\/media?parent=51"}],"curies":[{"name":"wp","href":"https:\/\/api.w.org\/{rel}","templated":true}]}}