{"id":49,"date":"2015-05-18T15:13:32","date_gmt":"2015-05-18T15:13:32","guid":{"rendered":"http:\/\/www.liburnijski-vrtovi.com\/?page_id=49"},"modified":"2019-09-26T19:47:31","modified_gmt":"2019-09-26T18:47:31","slug":"galerije","status":"publish","type":"page","link":"http:\/\/www.liburnijski-vrtovi.com\/hr\/galerije\/","title":{"rendered":"Galerija radova Liburnijski vrtovi "},"content":{"rendered":"<h1 style=\"text-align: center;\"><div id=\"sgmbShare1-1\" class=\"sgmbShare jssocials-theme-minima sgmbWidget1-1\"><\/div><div class=\"dropdownWrapper dropdownWrapper1 dropdownWrapper-for-widget \" id=\"dropdownWrapper-for-widget\">\r\n\t\t\t\t\t\t<div class=\"dropdownLabel\" id=\"dropdownLabel-share-list\"><span class=\"sgmbButtonListLabel1\">Share List<\/span><\/div>\r\n\t\t\t\t\t\t<div class=\"dropdownPanel dropdownPanel1-1\">\r\n\t\t\t\t\t\t<\/div>\r\n\t\t\t\t\t<\/div><script>  SGMB_URL = \"http:\/\/www.liburnijski-vrtovi.com\/wp-content\/plugins\/social-media-builder\/\"; jQuery(\".dropdownWrapper\").hide(); SGMB_GOOGLE_ACOUNT = \"\"; <\/script><script type=\"text\/javascript\">\r\n\t\tjQuery(document).ready(function($){var widget = new SGMBWidget();widget.show({\"id\":\"1\",\"title\":\"social\",\"options\":{\"currentUrl\":\"0\",\"url\":\"http:\\\/\\\/www.liburnijski-vrtovi.com\",\"shareText\":\"liburnijski vrtovi\",\"fontSize\":\"14\",\"betweenButtons\":\"1px\",\"theme\":\"cloud\",\"buttonsPosition\":\"\",\"socialTheme\":\"minima\",\"icon\":\"cloud\",\"buttonsPanelEffect\":\"flash\",\"buttonsEffect\":\"No Effect\",\"iconsEffect\":\"flip\",\"buttons\":\"{\\\"facebook\\\":{\\\"label\\\":\\\"Share\\\",\\\"icon\\\":\\\"cloud-facebook\\\"},\\\"linkedin\\\":{\\\"label\\\":\\\"Share\\\",\\\"icon\\\":\\\"cloud-linkedin\\\"},\\\"twitter\\\":{\\\"label\\\":\\\"Tweet\\\",\\\"icon\\\":\\\"cloud-twitter\\\",\\\"via\\\":\\\"\\\",\\\"hashtags\\\":\\\"\\\"},\\\"googleplus\\\":{\\\"label\\\":\\\"+1\\\",\\\"icon\\\":\\\"cloud-googleplus\\\"},\\\"pinterest\\\":{\\\"label\\\":\\\"Pin this\\\",\\\"icon\\\":\\\"cloud-pinterest\\\"}}\",\"roundButton\":\"\",\"showLabels\":\"on\",\"showCounts\":\"\",\"showCenter\":\"\",\"showButtonsAsList\":\"\",\"setButtonsPosition\":\"\",\"sgmbDropdownColor\":\"\",\"sgmbDropdownLabelFontSize\":\"14\",\"sgmbDropdownLabelColor\":\"\",\"showButtonsOnEveryPost\":\"\",\"showOnAllPost\":\"\",\"sgmbPostionOnEveryPost\":\"Left\",\"textOnEveryPost\":\"\",\"showButtonsOnMobileDirect\":\"\"},\"buttonOptions\":{\"facebook\":{\"label\":\"Share\",\"icon\":\"cloud-facebook\"},\"linkedin\":{\"label\":\"Share\",\"icon\":\"cloud-linkedin\"},\"twitter\":{\"label\":\"Tweet\",\"icon\":\"cloud-twitter\",\"via\":\"\",\"hashtags\":\"\"},\"googleplus\":{\"label\":\"+1\",\"icon\":\"cloud-googleplus\"},\"pinterest\":{\"label\":\"Pin this\",\"icon\":\"cloud-pinterest\"}},\"button\":[\"facebook\",\"linkedin\",\"twitter\",\"googleplus\",\"pinterest\"]}, 1, '', 'http:\/\/www.liburnijski-vrtovi.com\/wp-content\/plugins\/social-media-builder\/\/img\/no-image.png', '', 'http:\/\/www.liburnijski-vrtovi.com\/hr\/galerije\/'); });<\/script><ul class=\"ngg-breadcrumbs\">\n    <\/ul>\n<div class=\"ngg-albumoverview\">\n\n\t<!-- List of galleries -->\n\t\n\t<div class=\"ngg-album-compact\">\n\t\t<div class=\"ngg-album-compactbox\">\n\t\t\t<div class=\"ngg-album-link\">\n                                    <a class=\"Link\" href=\"http:\/\/www.liburnijski-vrtovi.com\/hr\/galerije\/nggallery\/galerije\/uredenje-okucnica-prije-poslije\">\n                        <img class=\"Thumb\"\n                             alt=\"Ure\u0111enje oku\u0107nica (prije - poslije)\"\n                             src=\"http:\/\/www.liburnijski-vrtovi.com\/nextgen-image\/107\/91x68\/crop\/a07ac0b8b5382eaf65b9051f5fd14daf\"\/>\n                    <\/a>\n                \t\t\t<\/div>\n\t\t<\/div>\n                <h4>\n            <a class=\"ngg-album-desc\"\n               title=\"Ure\u0111enje oku\u0107nica (prije - poslije)\"\n               href=\"http:\/\/www.liburnijski-vrtovi.com\/hr\/galerije\/nggallery\/galerije\/uredenje-okucnica-prije-poslije\"\n               style=\"max-width: 111px\">\n                Ure\u0111enje oku\u0107nica (prije - poslije)            <\/a>\n        <\/h4>\n\t\t<p class=\"ngg-album-gallery-image-counter\">\n\t\t\t\t\t\t\t<strong>235<\/strong>&nbsp;Photos\t\t\t\t\t<\/p>\n\t<\/div>\n\n \t\n\t<div class=\"ngg-album-compact\">\n\t\t<div class=\"ngg-album-compactbox\">\n\t\t\t<div class=\"ngg-album-link\">\n                                    <a class=\"Link\" href=\"http:\/\/www.liburnijski-vrtovi.com\/hr\/galerije\/nggallery\/galerije\/topiari-bonsai-orezivanje-i-zivice\">\n                        <img class=\"Thumb\"\n                             alt=\"Topiari, Bonsai (orezivanje) i \u017eivice\"\n                             src=\"http:\/\/www.liburnijski-vrtovi.com\/nextgen-image\/57\/91x68\/crop\/6dd4c8408fccec4aa98dd898257e4525\"\/>\n                    <\/a>\n                \t\t\t<\/div>\n\t\t<\/div>\n                <h4>\n            <a class=\"ngg-album-desc\"\n               title=\"Topiari, Bonsai (orezivanje) i \u017eivice\"\n               href=\"http:\/\/www.liburnijski-vrtovi.com\/hr\/galerije\/nggallery\/galerije\/topiari-bonsai-orezivanje-i-zivice\"\n               style=\"max-width: 111px\">\n                Topiari, Bonsai (orezivanje) i \u017eivice            <\/a>\n        <\/h4>\n\t\t<p class=\"ngg-album-gallery-image-counter\">\n\t\t\t\t\t\t\t<strong>12<\/strong>&nbsp;Photos\t\t\t\t\t<\/p>\n\t<\/div>\n\n \t\n\t<div class=\"ngg-album-compact\">\n\t\t<div class=\"ngg-album-compactbox\">\n\t\t\t<div class=\"ngg-album-link\">\n                                    <a class=\"Link\" href=\"http:\/\/www.liburnijski-vrtovi.com\/hr\/galerije\/nggallery\/galerije\/rusenje-i-orezivanje-stabala\">\n                        <img class=\"Thumb\"\n                             alt=\"Ru\u0161enje i orezivanje stabala\"\n                             src=\"http:\/\/www.liburnijski-vrtovi.com\/nextgen-image\/59\/91x68\/crop\/206b35de6da749cce4624233b7445db6\"\/>\n                    <\/a>\n                \t\t\t<\/div>\n\t\t<\/div>\n                <h4>\n            <a class=\"ngg-album-desc\"\n               title=\"Ru\u0161enje i orezivanje stabala\"\n               href=\"http:\/\/www.liburnijski-vrtovi.com\/hr\/galerije\/nggallery\/galerije\/rusenje-i-orezivanje-stabala\"\n               style=\"max-width: 111px\">\n                Ru\u0161enje i orezivanje stabala            <\/a>\n        <\/h4>\n\t\t<p class=\"ngg-album-gallery-image-counter\">\n\t\t\t\t\t\t\t<strong>55<\/strong>&nbsp;Photos\t\t\t\t\t<\/p>\n\t<\/div>\n\n \t\n\t<!-- Pagination -->\n    <br class=\"ngg-clear\"\/>\n \t<div class='ngg-clear'><\/div><\/div>\n\n<\/h1>\n<p>&nbsp;<\/p>\n<p style=\"text-align: left;\">Video <a href=\"\nhttps:\/\/www.youtube.com\/watch?v=KTbcCDexsRY\"\n target=\"_blank\">Vrt Liganj<\/a><\/p>\n<p>&nbsp;<\/p>\n<h1 style=\"text-align: center;\"><strong>&nbsp;<\/strong><\/h1>\n<h6><span style=\"color: #ffffff;\">Galerija radova Liburnijski vrtovi Obrt za hortikulturu i ure\u0111enje, odr\u017eavanje i projektiranje zelenih povr\u0161ina va\u0161eg vrta na podru\u010dju primorsko-goranske \u017eupanije i rijeke ure\u0111enje oku\u0107nice, ru\u0161enje stabala, kr\u010denje \u0161ikare, ko\u0161enje trave, sijanje trave, \u0161i\u0161anje \u017eive ograde, va\u0111enje panjeva, ko\u0161nja trave, ure\u0111enje vrtova, odr\u017eavanje zelenih povr\u0161ina , rijeka, opatija, ika, i\u010di\u0107i, lovran, brse\u010d, kastav, rukavac, matulji, pobri, u rijeci, krk, cres, delnice, fu\u017eine Galerija radova Liburnijski vrtovi, izrada kamenjara, odvoz zelenog otpada Osnovno poslovanje obrta \u201cLiburnijski vrtovi\u201d je cijelogodi\u0161nje odr\u017eavanje oku\u0107nica, stambenih zgrada, privatnih obiteljskih ku\u0107a, luksuznih vila, te parkova hotela \u2013 po pozivu ili ugovornim odr\u017eavanjem. Naglasak pola\u017eemo na konstantno prisustvo u vrtovima, te pra\u0107enje vegetacijskih, izvanvegetacijskih i vremenskih prilika koje iz tjedna u tjedan mijenjaju samu sliku Va\u0161ih vrtova. Na\u0161im stru\u010dnim pristupom i profesionalnom njegov vrtovi postaju zdravi i prelijepi. Bilju kao \u017eivim bi\u0107ima pristupamo predano i vrlo odgovorno po pitanju dohrane i za\u0161tite, te minimaliziramo uporabu elektri\u010dnih i benzinskih alata. Kod orezivanja primjenjujemo ru\u010dni (skriveni) rez \u0161to u kona\u010dnici rezultira zdravljem Va\u0161eg bilja. Naime, kod mehani\u010dke obrade bilja (zbog nestru\u010dne rezidbe) dolazi do brzog oboljevanja bilja \u0161to dovodi do naru\u0161avanja prirodnog izgleda i potrebe za stalnim lije\u010denjem. Dozvolite i Va\u0161em vrtu da bude zdrav i lijep. Kontaktirajte nas za pregled i procijenu tro\u0161kova odr\u017eavanja Va\u0161ih oku\u0107nica. Mnogobrojni na\u0161i vrtovi i oku\u0107nice i njihovi zadovoljni vlasnici dokaz su na\u0161e kvalitete Liburnijski vrtovi bave se projektiranjem, ure\u0111enjem i cjelogodi\u0161njim odr\u017eavanjem oku\u0107nica te ure\u0111enjem zelenih povr\u0161ina na podru\u010dju Primorsko-Goranske \u017eupanije. Pou\u010deni dugogodi\u0161njim iskustvom, primarna stavka ure\u0111enja svakog vrta je izvu\u0107i maksimum iz prostora, te istom podarit da\u0161ak umjetni\u010dkog i ekskluzivnog dojma.<\/span><br \/>\n<span style=\"color: #ffffff;\"> Usluge koje nudimo su:<\/span><br \/>\n<span style=\"color: #ffffff;\"> \u2013 projektiranje, ure\u0111enje i cijelogodi\u0161nje odr\u017eavanje oku\u0107nica i zelenih povr\u0161ina<\/span><br \/>\n<span style=\"color: #ffffff;\"> \u2013 hortikulturno ure\u0111enje parkova, dje\u010djih igrali\u0161ta, orezivanje i ru\u0161enje stabala<\/span><br \/>\n<span style=\"color: #ffffff;\"> \u2013 izrada travnjaka, kamenjara, \u0161ljun\u010danih vrtova, slapova<\/span><br \/>\n<span style=\"color: #ffffff;\"> \u2013 orezivanje bonsai i topiari tehnikom, vo\u0107ki, \u017eivica, grmova i polugrmova<\/span><br \/>\n<span style=\"color: #ffffff;\"> \u2013 dohrana bilja<\/span><br \/>\n<span style=\"color: #ffffff;\"> \u2013 preventivna za\u0161tita i tretiranje oboljelog bilja<\/span><br \/>\n<span style=\"color: #ffffff;\"> \u2013 sistemi navodnjavanja<\/span><br \/>\n<span style=\"color: #ffffff;\"> \u2013 drena\u017eni sistemi<\/span><br \/>\n<span style=\"color: #ffffff;\"> \u2013 dovoz bilja i materijala<\/span><br \/>\n<span style=\"color: #ffffff;\"> \u2013 odvoz cjelokupne zelene bio mase vlastitim prijevozom.ure\u0111enje vrta i oku\u0107nice cijena ure\u0111enje vrtova i oku\u0107nica ure\u0111enje vrta ideje&nbsp; ure\u0111enje oku\u0107nice slike ko\u0161nja trave cijena<\/span><\/h6>\n<div>\n<div>\n<h6><span style=\"color: #ffffff;\">ure\u0111ivanje oku\u0107nice rijeka ure\u0111enje dvori\u0161ta ispred ku\u0107e ideje za jeftino ure\u0111enje dvori\u0161ta<\/span><\/h6>\n<\/div>\n<\/div>\n","protected":false},"excerpt":{"rendered":"<h1 style=\"text-align: center;\">[sgmb id=\"1\"][album id=6 template=compact]<\/h1>\n<p>&nbsp;<\/p>\n<p style=\"text-align: left;\">Video <a href=\"https:\/\/www.youtube.com\/watch?v=KTbcCDexsRY\" target=\"_blank\">Vrt Liganj<\/a><\/p>\n<p>&nbsp;<\/p>\n<h1 style=\"text-align: cente... \n\n","protected":false},"author":1,"featured_media":0,"parent":0,"menu_order":0,"comment_status":"open","ping_status":"open","template":"page-fullwidth.php","meta":{"ngg_post_thumbnail":0},"yoast_head":"<!-- This site is optimized with the Yoast SEO plugin v15.2.1 - https:\/\/yoast.com\/wordpress\/plugins\/seo\/ -->\n<title>Galerija radova Liburnijski vrtovi<\/title>\n<meta name=\"description\" content=\"Galerija radova Liburnijski vrtovi, obrt za hortikulturu i ure\u0111enje, odr\u017eavanje i projektiranje zelenih povr\u0161ina va\u0161eg vrta na podru\u010dju rijeke, opatije, ike\" \/>\n<meta name=\"robots\" content=\"index, follow, max-snippet:-1, max-image-preview:large, max-video-preview:-1\" \/>\n<link rel=\"canonical\" href=\"http:\/\/www.liburnijski-vrtovi.com\/hr\/galerije\/\" \/>\n<meta property=\"og:locale\" content=\"hr_HR\" \/>\n<meta property=\"og:type\" content=\"article\" \/>\n<meta property=\"og:title\" content=\"Galerija radova Liburnijski vrtovi\" \/>\n<meta property=\"og:description\" content=\"Galerija radova Liburnijski vrtovi, obrt za hortikulturu i ure\u0111enje, odr\u017eavanje i projektiranje zelenih povr\u0161ina va\u0161eg vrta na podru\u010dju rijeke, opatije, ike\" \/>\n<meta property=\"og:url\" content=\"http:\/\/www.liburnijski-vrtovi.com\/hr\/galerije\/\" \/>\n<meta property=\"og:site_name\" content=\"Ure\u0111enje i odr\u017eavanje oku\u0107nica Rijeka - Liburnijski vrtovi\" \/>\n<meta property=\"article:publisher\" content=\"https:\/\/www.facebook.com\/liburnijski.vrtovi\" \/>\n<meta property=\"article:modified_time\" content=\"2019-09-26T18:47:31+00:00\" \/>\n<meta name=\"twitter:card\" content=\"summary_large_image\" \/>\n<meta name=\"twitter:creator\" content=\"@liburnijski\" \/>\n<meta name=\"twitter:site\" content=\"@liburnijski\" \/>\n<meta name=\"twitter:label1\" content=\"Written by\">\n\t<meta name=\"twitter:data1\" content=\"admin\">\n\t<meta name=\"twitter:label2\" content=\"Est. reading time\">\n\t<meta name=\"twitter:data2\" content=\"2 minute\">\n<script type=\"application\/ld+json\" class=\"yoast-schema-graph\">{\"@context\":\"https:\/\/schema.org\",\"@graph\":[{\"@type\":\"WebSite\",\"@id\":\"http:\/\/www.liburnijski-vrtovi.com\/hr\/#website\",\"url\":\"http:\/\/www.liburnijski-vrtovi.com\/hr\/\",\"name\":\"Ure\\u0111enje i odr\\u017eavanje oku\\u0107nica Rijeka - Liburnijski vrtovi\",\"description\":\"umjetnost ure\\u0111enja oku\\u0107nica Rijeka\",\"potentialAction\":[{\"@type\":\"SearchAction\",\"target\":\"http:\/\/www.liburnijski-vrtovi.com\/hr\/?s={search_term_string}\",\"query-input\":\"required name=search_term_string\"}],\"inLanguage\":\"hr\"},{\"@type\":\"WebPage\",\"@id\":\"http:\/\/www.liburnijski-vrtovi.com\/hr\/galerije\/#webpage\",\"url\":\"http:\/\/www.liburnijski-vrtovi.com\/hr\/galerije\/\",\"name\":\"Galerija radova Liburnijski vrtovi\",\"isPartOf\":{\"@id\":\"http:\/\/www.liburnijski-vrtovi.com\/hr\/#website\"},\"datePublished\":\"2015-05-18T15:13:32+00:00\",\"dateModified\":\"2019-09-26T18:47:31+00:00\",\"description\":\"Galerija radova Liburnijski vrtovi, obrt za hortikulturu i ure\\u0111enje, odr\\u017eavanje i projektiranje zelenih povr\\u0161ina va\\u0161eg vrta na podru\\u010dju rijeke, opatije, ike\",\"inLanguage\":\"hr\",\"potentialAction\":[{\"@type\":\"ReadAction\",\"target\":[\"http:\/\/www.liburnijski-vrtovi.com\/hr\/galerije\/\"]}]}]}<\/script>\n<!-- \/ Yoast SEO plugin. -->","_links":{"self":[{"href":"http:\/\/www.liburnijski-vrtovi.com\/hr\/wp-json\/wp\/v2\/pages\/49"}],"collection":[{"href":"http:\/\/www.liburnijski-vrtovi.com\/hr\/wp-json\/wp\/v2\/pages"}],"about":[{"href":"http:\/\/www.liburnijski-vrtovi.com\/hr\/wp-json\/wp\/v2\/types\/page"}],"author":[{"embeddable":true,"href":"http:\/\/www.liburnijski-vrtovi.com\/hr\/wp-json\/wp\/v2\/users\/1"}],"replies":[{"embeddable":true,"href":"http:\/\/www.liburnijski-vrtovi.com\/hr\/wp-json\/wp\/v2\/comments?post=49"}],"version-history":[{"count":56,"href":"http:\/\/www.liburnijski-vrtovi.com\/hr\/wp-json\/wp\/v2\/pages\/49\/revisions"}],"predecessor-version":[{"id":1335,"href":"http:\/\/www.liburnijski-vrtovi.com\/hr\/wp-json\/wp\/v2\/pages\/49\/revisions\/1335"}],"wp:attachment":[{"href":"http:\/\/www.liburnijski-vrtovi.com\/hr\/wp-json\/wp\/v2\/media?parent=49"}],"curies":[{"name":"wp","href":"https:\/\/api.w.org\/{rel}","templated":true}]}}