{"id":451,"date":"2015-06-17T17:51:58","date_gmt":"2015-06-17T16:51:58","guid":{"rendered":"http:\/\/www.liburnijski-vrtovi.com\/?page_id=451"},"modified":"2016-10-25T10:41:12","modified_gmt":"2016-10-25T09:41:12","slug":"odrzavanje","status":"publish","type":"page","link":"http:\/\/www.liburnijski-vrtovi.com\/hr\/odrzavanje\/","title":{"rendered":"Usluge odr\u017eavanja i ure\u0111enja oku\u0107nica "},"content":{"rendered":"<h2 style=\"text-align: center;\"><div id=\"sgmbShare1-1\" class=\"sgmbShare jssocials-theme-minima sgmbWidget1-1\"><\/div><div class=\"dropdownWrapper dropdownWrapper1 dropdownWrapper-for-widget \" id=\"dropdownWrapper-for-widget\">\r\n\t\t\t\t\t\t<div class=\"dropdownLabel\" id=\"dropdownLabel-share-list\"><span class=\"sgmbButtonListLabel1\">Share List<\/span><\/div>\r\n\t\t\t\t\t\t<div class=\"dropdownPanel dropdownPanel1-1\">\r\n\t\t\t\t\t\t<\/div>\r\n\t\t\t\t\t<\/div><script>  SGMB_URL = \"http:\/\/www.liburnijski-vrtovi.com\/wp-content\/plugins\/social-media-builder\/\"; jQuery(\".dropdownWrapper\").hide(); SGMB_GOOGLE_ACOUNT = \"\"; <\/script><script type=\"text\/javascript\">\r\n\t\tjQuery(document).ready(function($){var widget = new SGMBWidget();widget.show({\"id\":\"1\",\"title\":\"social\",\"options\":{\"currentUrl\":\"0\",\"url\":\"http:\\\/\\\/www.liburnijski-vrtovi.com\",\"shareText\":\"liburnijski vrtovi\",\"fontSize\":\"14\",\"betweenButtons\":\"1px\",\"theme\":\"cloud\",\"buttonsPosition\":\"\",\"socialTheme\":\"minima\",\"icon\":\"cloud\",\"buttonsPanelEffect\":\"flash\",\"buttonsEffect\":\"No Effect\",\"iconsEffect\":\"flip\",\"buttons\":\"{\\\"facebook\\\":{\\\"label\\\":\\\"Share\\\",\\\"icon\\\":\\\"cloud-facebook\\\"},\\\"linkedin\\\":{\\\"label\\\":\\\"Share\\\",\\\"icon\\\":\\\"cloud-linkedin\\\"},\\\"twitter\\\":{\\\"label\\\":\\\"Tweet\\\",\\\"icon\\\":\\\"cloud-twitter\\\",\\\"via\\\":\\\"\\\",\\\"hashtags\\\":\\\"\\\"},\\\"googleplus\\\":{\\\"label\\\":\\\"+1\\\",\\\"icon\\\":\\\"cloud-googleplus\\\"},\\\"pinterest\\\":{\\\"label\\\":\\\"Pin this\\\",\\\"icon\\\":\\\"cloud-pinterest\\\"}}\",\"roundButton\":\"\",\"showLabels\":\"on\",\"showCounts\":\"\",\"showCenter\":\"\",\"showButtonsAsList\":\"\",\"setButtonsPosition\":\"\",\"sgmbDropdownColor\":\"\",\"sgmbDropdownLabelFontSize\":\"14\",\"sgmbDropdownLabelColor\":\"\",\"showButtonsOnEveryPost\":\"\",\"showOnAllPost\":\"\",\"sgmbPostionOnEveryPost\":\"Left\",\"textOnEveryPost\":\"\",\"showButtonsOnMobileDirect\":\"\"},\"buttonOptions\":{\"facebook\":{\"label\":\"Share\",\"icon\":\"cloud-facebook\"},\"linkedin\":{\"label\":\"Share\",\"icon\":\"cloud-linkedin\"},\"twitter\":{\"label\":\"Tweet\",\"icon\":\"cloud-twitter\",\"via\":\"\",\"hashtags\":\"\"},\"googleplus\":{\"label\":\"+1\",\"icon\":\"cloud-googleplus\"},\"pinterest\":{\"label\":\"Pin this\",\"icon\":\"cloud-pinterest\"}},\"button\":[\"facebook\",\"linkedin\",\"twitter\",\"googleplus\",\"pinterest\"]}, 1, '', 'http:\/\/www.liburnijski-vrtovi.com\/wp-content\/uploads\/2015\/06\/Odr\u017eavanje.jpg', '', 'http:\/\/www.liburnijski-vrtovi.com\/hr\/odrzavanje\/'); });<\/script><\/h2>\n<h2 style=\"text-align: center;\">Odr\u017eavanje oku\u0107nica<\/h2>\n<p><a href=\"http:\/\/www.liburnijski-vrtovi.com\/wp-content\/uploads\/2015\/06\/Odr\u017eavanje.jpg\"><img loading=\"lazy\" class=\"aligncenter size-full wp-image-661\" src=\"http:\/\/www.liburnijski-vrtovi.com\/wp-content\/uploads\/2015\/06\/Odr\u017eavanje.jpg\" alt=\"Odr\u017eavanje\" width=\"900\" height=\"700\" srcset=\"http:\/\/www.liburnijski-vrtovi.com\/wp-content\/uploads\/2015\/06\/Odr\u017eavanje.jpg 900w, http:\/\/www.liburnijski-vrtovi.com\/wp-content\/uploads\/2015\/06\/Odr\u017eavanje-300x233.jpg 300w\" sizes=\"(max-width: 900px) 100vw, 900px\" \/><\/a><\/p>\n<p>Osnovno poslovanje obrta &#8220;Liburnijski vrtovi&#8221; je cijelogodi\u0161nje odr\u017eavanje oku\u0107nica, stambenih zgrada, privatnih obiteljskih ku\u0107a, luksuznih vila, te parkova hotela &#8211; po pozivu ili ugovornim odr\u017eavanjem.<\/p>\n<p>Naglasak pola\u017eemo na konstantno prisustvo u vrtovima, te pra\u0107enje vegetacijskih, izvanvegetacijskih i vremenskih prilika koje iz tjedna u tjedan mijenjaju samu sliku Va\u0161ih vrtova.<\/p>\n<p>Na\u0161im stru\u010dnim pristupom i profesionalnom njegov vrtovi postaju zdravi i prelijepi.<\/p>\n<p>Bilju kao \u017eivim bi\u0107ima pristupamo predano i vrlo odgovorno po pitanju dohrane i za\u0161tite, te minimliziramo uporabu elektri\u010dnih i benzinskih alata.<\/p>\n<p>Kod orezivanja primjenjujemo ru\u010dni (skriveni) rez \u0161to u kona\u010dnici rezultira zdravljem Va\u0161eg bilja.<\/p>\n<p>Naime, kod mehani\u010dke obrade bilja (zbog nestru\u010dne rezidbe) dolazi do brzog oboljevanja bilja \u0161to dovodi do naru\u0161avanja prirodnog izgleda i potrebe za stalnim lije\u010denjem.<\/p>\n<p>Dozvolite i Va\u0161em vrtu da bude zdrav i lijep.<\/p>\n<p>Kontaktirajte nas za pregled i procijenu tro\u0161kova odr\u017eavanja Va\u0161ih oku\u0107nica.<\/p>\n<p>Mnogobrojni na\u0161i vrtovi i oku\u0107nice i njihovi zadovoljni vlasnici dokaz su na\u0161e kvalitete.<br \/>\n<a href=\"http:\/\/www.liburnijski-vrtovi.com\/wp-content\/uploads\/2015\/06\/DSC_0507.jpg\"><img loading=\"lazy\" class=\"aligncenter size-large wp-image-656\" src=\"http:\/\/www.liburnijski-vrtovi.com\/wp-content\/uploads\/2015\/06\/DSC_0507-1024x576.jpg\" alt=\"Odr\u017eavanje oku\u0107nica Opatija\" width=\"690\" height=\"388\" srcset=\"http:\/\/www.liburnijski-vrtovi.com\/wp-content\/uploads\/2015\/06\/DSC_0507-1024x576.jpg 1024w, http:\/\/www.liburnijski-vrtovi.com\/wp-content\/uploads\/2015\/06\/DSC_0507-300x169.jpg 300w\" sizes=\"(max-width: 690px) 100vw, 690px\" \/><\/a><\/p>\n<p><span style=\"border-radius: 2px; text-indent: 20px; width: auto; padding: 0px 4px 0px 0px; text-align: center; font: bold 11px\/20px 'Helvetica Neue',Helvetica,sans-serif; color: #ffffff; background: #bd081c  no-repeat scroll 3px 50% \/ 14px 14px; position: absolute; opacity: 1; z-index: 8675309; display: none; cursor: pointer;\">Save<\/span><\/p>\n","protected":false},"excerpt":{"rendered":"<h2 style=\"text-align: center;\">[sgmb id=\"1\"]<\/h2>\n<h2 style=\"text-align: center;\">Odr\u017eavanje oku\u0107nica<\/h2>\n<p><a href=\"http:\/\/www.liburnijski-vrtovi.com\/wp-content\/uploads\/2015\/06\/Odr\u017eavanje.jpg\"><img class=\"aligncenter size-full wp-image-661\" src=\"h...\n<\/p>\n","protected":false},"author":1,"featured_media":0,"parent":0,"menu_order":0,"comment_status":"closed","ping_status":"closed","template":"page-fullwidth.php","meta":{"ngg_post_thumbnail":0},"yoast_head":"<!-- This site is optimized with the Yoast SEO plugin v15.2.1 - https:\/\/yoast.com\/wordpress\/plugins\/seo\/ -->\n<title>Usluge odr\u017eavanja i ure\u0111enja zelenih povr\u0161ina<\/title>\n<meta name=\"description\" content=\"Treba Vam projekt, izrada i odr\u017eavanje? Tra\u017eite kvalitetne usluge hortikulture? Liburnijski vrtovi Va\u0161 vrt pretvaraju u Va\u0161 mali raj.\" \/>\n<meta name=\"robots\" content=\"index, follow, max-snippet:-1, max-image-preview:large, max-video-preview:-1\" \/>\n<link rel=\"canonical\" href=\"http:\/\/www.liburnijski-vrtovi.com\/hr\/odrzavanje\/\" \/>\n<meta property=\"og:locale\" content=\"hr_HR\" \/>\n<meta property=\"og:type\" content=\"article\" \/>\n<meta property=\"og:title\" content=\"Usluge odr\u017eavanja i ure\u0111enja zelenih povr\u0161ina\" \/>\n<meta property=\"og:description\" content=\"Treba Vam projekt, izrada i odr\u017eavanje? Tra\u017eite kvalitetne usluge hortikulture? Liburnijski vrtovi Va\u0161 vrt pretvaraju u Va\u0161 mali raj.\" \/>\n<meta property=\"og:url\" content=\"http:\/\/www.liburnijski-vrtovi.com\/hr\/odrzavanje\/\" \/>\n<meta property=\"og:site_name\" content=\"Ure\u0111enje i odr\u017eavanje oku\u0107nica Rijeka - Liburnijski vrtovi\" \/>\n<meta property=\"article:publisher\" content=\"https:\/\/www.facebook.com\/liburnijski.vrtovi\" \/>\n<meta property=\"article:modified_time\" content=\"2016-10-25T09:41:12+00:00\" \/>\n<meta property=\"og:image\" content=\"http:\/\/www.liburnijski-vrtovi.com\/wp-content\/uploads\/2015\/06\/Odr\u017eavanje.jpg\" \/>\n<meta name=\"twitter:card\" content=\"summary_large_image\" \/>\n<meta name=\"twitter:creator\" content=\"@liburnijski\" \/>\n<meta name=\"twitter:site\" content=\"@liburnijski\" \/>\n<meta name=\"twitter:label1\" content=\"Written by\">\n\t<meta name=\"twitter:data1\" content=\"admin\">\n\t<meta name=\"twitter:label2\" content=\"Est. reading time\">\n\t<meta name=\"twitter:data2\" content=\"1 minuta\">\n<script type=\"application\/ld+json\" class=\"yoast-schema-graph\">{\"@context\":\"https:\/\/schema.org\",\"@graph\":[{\"@type\":\"WebSite\",\"@id\":\"http:\/\/www.liburnijski-vrtovi.com\/hr\/#website\",\"url\":\"http:\/\/www.liburnijski-vrtovi.com\/hr\/\",\"name\":\"Ure\\u0111enje i odr\\u017eavanje oku\\u0107nica Rijeka - Liburnijski vrtovi\",\"description\":\"umjetnost ure\\u0111enja oku\\u0107nica Rijeka\",\"potentialAction\":[{\"@type\":\"SearchAction\",\"target\":\"http:\/\/www.liburnijski-vrtovi.com\/hr\/?s={search_term_string}\",\"query-input\":\"required name=search_term_string\"}],\"inLanguage\":\"hr\"},{\"@type\":\"ImageObject\",\"@id\":\"http:\/\/www.liburnijski-vrtovi.com\/hr\/odrzavanje\/#primaryimage\",\"inLanguage\":\"hr\",\"url\":\"http:\/\/www.liburnijski-vrtovi.com\/wp-content\/uploads\/2015\/06\/Odr\\u017eavanje.jpg\",\"width\":900,\"height\":700},{\"@type\":\"WebPage\",\"@id\":\"http:\/\/www.liburnijski-vrtovi.com\/hr\/odrzavanje\/#webpage\",\"url\":\"http:\/\/www.liburnijski-vrtovi.com\/hr\/odrzavanje\/\",\"name\":\"Usluge odr\\u017eavanja i ure\\u0111enja zelenih povr\\u0161ina\",\"isPartOf\":{\"@id\":\"http:\/\/www.liburnijski-vrtovi.com\/hr\/#website\"},\"primaryImageOfPage\":{\"@id\":\"http:\/\/www.liburnijski-vrtovi.com\/hr\/odrzavanje\/#primaryimage\"},\"datePublished\":\"2015-06-17T16:51:58+00:00\",\"dateModified\":\"2016-10-25T09:41:12+00:00\",\"description\":\"Treba Vam projekt, izrada i odr\\u017eavanje? Tra\\u017eite kvalitetne usluge hortikulture? Liburnijski vrtovi Va\\u0161 vrt pretvaraju u Va\\u0161 mali raj.\",\"inLanguage\":\"hr\",\"potentialAction\":[{\"@type\":\"ReadAction\",\"target\":[\"http:\/\/www.liburnijski-vrtovi.com\/hr\/odrzavanje\/\"]}]}]}<\/script>\n<!-- \/ Yoast SEO plugin. -->","_links":{"self":[{"href":"http:\/\/www.liburnijski-vrtovi.com\/hr\/wp-json\/wp\/v2\/pages\/451"}],"collection":[{"href":"http:\/\/www.liburnijski-vrtovi.com\/hr\/wp-json\/wp\/v2\/pages"}],"about":[{"href":"http:\/\/www.liburnijski-vrtovi.com\/hr\/wp-json\/wp\/v2\/types\/page"}],"author":[{"embeddable":true,"href":"http:\/\/www.liburnijski-vrtovi.com\/hr\/wp-json\/wp\/v2\/users\/1"}],"replies":[{"embeddable":true,"href":"http:\/\/www.liburnijski-vrtovi.com\/hr\/wp-json\/wp\/v2\/comments?post=451"}],"version-history":[{"count":14,"href":"http:\/\/www.liburnijski-vrtovi.com\/hr\/wp-json\/wp\/v2\/pages\/451\/revisions"}],"predecessor-version":[{"id":801,"href":"http:\/\/www.liburnijski-vrtovi.com\/hr\/wp-json\/wp\/v2\/pages\/451\/revisions\/801"}],"wp:attachment":[{"href":"http:\/\/www.liburnijski-vrtovi.com\/hr\/wp-json\/wp\/v2\/media?parent=451"}],"curies":[{"name":"wp","href":"https:\/\/api.w.org\/{rel}","templated":true}]}}